{"id":90,"date":"2019-06-21T10:49:06","date_gmt":"2019-06-21T08:49:06","guid":{"rendered":"https:\/\/jenui2020.uv.es\/?page_id=90"},"modified":"2020-07-03T12:16:42","modified_gmt":"2020-07-03T10:16:42","slug":"lugar-de-organizacion","status":"publish","type":"page","link":"https:\/\/jenui2020.uv.es\/index.php\/lugar-de-organizacion\/","title":{"rendered":"Lugar de celebraci\u00f3n"},"content":{"rendered":"<p>Las JENUI 2020 se celebrar\u00e1n en modalidad virtual combinando dos plataformas:<\/p>\n<ul>\n<li>El <a href=\"https:\/\/www.youtube.com\/watch?v=GCZhVpfQWrs&#038;list=PL0y7iH6ICYIMASS50eBd0Z-wZKyK7CocZ\">canal de Youtube de AENUI<\/a> en el que se podr\u00e1n consultar los v\u00eddeos con las presentaciones de las contribuciones aceptadas en la conferencia.<\/li>\n<li>La plataforma <a href=\"https:\/\/aulavirtual.uv.es\/?lang=es\">Aula Virtual de la Universitat de Val\u00e8ncia<\/a> que permitir\u00e1 la interacci\u00f3n entre autores y participantes a trav\u00e9s de foros y videoconferencias.<\/li>\n<\/ul>\n<p><!--\nUno de esos espacios ser\u00e1 la Escola T\u00e8cnica Superior d'Enginyeria, <a href=\"http:\/\/www.uv.es\/etse\">ETSE-UV<\/a>, ubicada en el campus de Burjassot-Paterna.\n\nEl campus est\u00e1 situado junto a la autov\u00eda CV-35 (de Valencia a Ll\u00edria y Ademuz) y frente al edificio de la Radio Televisi\u00f3n Valenciana\u00a0(\u00c0 Punt M\u00e8dia), en la zona noroeste de la ciudad de Valencia.\n\n&nbsp;\n\n<iframe loading=\"lazy\" style=\"border: 0;\" src=\"https:\/\/www.google.com\/maps\/embed?pb=!1m18!1m12!1m3!1d3078.074929942112!2d-0.4261224849790518!3d39.51279851803952!2m3!1f0!2f0!3f0!3m2!1i1024!2i768!4f13.1!3m3!1m2!1s0xd60450d03d31e81%3A0xb2d49176f911a805!2sUniversitat+de+Val%C3%A8ncia%3A+Escola+T%C3%A8cnica+Superior+d'Enginyeria!5e0!3m2!1ses!2ses!4v1561107946147!5m2!1ses!2ses\" width=\"600\" height=\"450\" frameborder=\"0\" allowfullscreen=\"allowfullscreen\"><\/iframe>\n\n--><\/p>\n","protected":false},"excerpt":{"rendered":"<p>Las JENUI 2020 se celebrar\u00e1n en modalidad virtual combinando dos plataformas: El canal de Youtube de AENUI en el que se podr\u00e1n consultar los v\u00eddeos con las presentaciones de las contribuciones aceptadas en la conferencia. La plataforma Aula Virtual de la Universitat de Val\u00e8ncia que permitir\u00e1 la interacci\u00f3n entre autores y participantes a trav\u00e9s de [&hellip;]<\/p>\n","protected":false},"author":1,"featured_media":0,"parent":0,"menu_order":0,"comment_status":"closed","ping_status":"closed","template":"","meta":[],"_links":{"self":[{"href":"https:\/\/jenui2020.uv.es\/index.php\/wp-json\/wp\/v2\/pages\/90"}],"collection":[{"href":"https:\/\/jenui2020.uv.es\/index.php\/wp-json\/wp\/v2\/pages"}],"about":[{"href":"https:\/\/jenui2020.uv.es\/index.php\/wp-json\/wp\/v2\/types\/page"}],"author":[{"embeddable":true,"href":"https:\/\/jenui2020.uv.es\/index.php\/wp-json\/wp\/v2\/users\/1"}],"replies":[{"embeddable":true,"href":"https:\/\/jenui2020.uv.es\/index.php\/wp-json\/wp\/v2\/comments?post=90"}],"version-history":[{"count":12,"href":"https:\/\/jenui2020.uv.es\/index.php\/wp-json\/wp\/v2\/pages\/90\/revisions"}],"predecessor-version":[{"id":1105,"href":"https:\/\/jenui2020.uv.es\/index.php\/wp-json\/wp\/v2\/pages\/90\/revisions\/1105"}],"wp:attachment":[{"href":"https:\/\/jenui2020.uv.es\/index.php\/wp-json\/wp\/v2\/media?parent=90"}],"curies":[{"name":"wp","href":"https:\/\/api.w.org\/{rel}","templated":true}]}}