{"id":794,"date":"2020-06-03T21:38:21","date_gmt":"2020-06-03T19:38:21","guid":{"rendered":"https:\/\/jenui2020.uv.es\/?page_id=794"},"modified":"2020-07-16T09:16:13","modified_gmt":"2020-07-16T07:16:13","slug":"mesa-redonda-miercoles","status":"publish","type":"page","link":"https:\/\/jenui2020.uv.es\/index.php\/mesa-redonda-miercoles\/","title":{"rendered":"Mesa redonda &#8211; Docencia online"},"content":{"rendered":"<p><b>Videoconferencia: <\/b><span style=\"font-weight: 400;\">Mi\u00e9rcoles 8 de julio de 15:30 a 17:30 (<a href=\"https:\/\/jenui2020.uv.es\/index.php\/instrucciones-conexion\/\">instrucciones de conexi\u00f3n<\/a>)<br \/>\n<\/span><\/p>\n<p>&nbsp;<\/p>\n<p><b>Ponentes<\/b><span style=\"font-weight: 400;\">: \u00c1ngel Fidalgo, Fara\u00f3n Llorens, Merche Marqu\u00e9s<\/span><\/p>\n<p><b>Moderadora<\/b><span style=\"font-weight: 400;\">: Maria Jes\u00fas Marco Galindo<\/span><\/p>\n<p>&nbsp;<\/p>\n<p><strong>Materiales resultantes:<\/strong><\/p>\n<ul>\n<li><a href=\"https:\/\/jenui2020.uv.es\/wp-content\/uploads\/2020\/06\/FaraonLlorens.pdf\">Presentaci\u00f3n de Fara\u00f3n Llorens<\/a><\/li>\n<li><a href=\"https:\/\/jenui2020.uv.es\/wp-content\/uploads\/2020\/06\/AFidalgo.pdf\">Presentaci\u00f3n de \u00c1ngel Fidalgo<\/a><\/li>\n<li><a href=\"https:\/\/docs.google.com\/presentation\/d\/e\/2PACX-1vSSqiqWrAz0-jOg-ubsV-RM-1R0aoOKa6KRiQ4uUxLZKNIvrLipkeGH_NZjWgWCmNawOY81NMe_Y36T\/pub?start=false&amp;loop=false&amp;delayms=3000#slide=id.g8bd9255677_0_0\">Presentaci\u00f3n de Merche Marqu\u00e9s<\/a><\/li>\n<\/ul>\n<p>&nbsp;<\/p>\n<p><b>T\u00edtulo: Docencia en tiempos de pandemia y m\u00e1s all\u00e1<\/b><\/p>\n<p><span style=\"font-weight: 400;\">La situaci\u00f3n de confinamiento derivada de la pandemia ha representado un reto importante de adaptaci\u00f3n de nuestra docencia. Una adaptaci\u00f3n que hemos tenido que improvisar de un d\u00eda para otro. Ahora tenemos otro reto por delante: preparar el pr\u00f3ximo curso en una situaci\u00f3n a\u00fan de mucha incertidumbre, una nueva adaptaci\u00f3n que, esta vez s\u00ed, podemos planificar. Y, m\u00e1s all\u00e1 de la pandemia, cuando se retome la normalidad, es importante tambi\u00e9n pensar c\u00f3mo todo lo aprendido y experimentado puede acelerar la transformaci\u00f3n de la docencia consolidando las pr\u00e1cticas positivas que, a pesar de llegar de manera improvisada, hayan venido para quedarse.<\/span><\/p>\n<p><span style=\"font-weight: 400;\">Debatiremos pues estos tres momentos de la docencia en tiempos de pandemia (adaptaci\u00f3n improvisada, adaptaci\u00f3n planificada y m\u00e1s all\u00e1 de la pandemia) que haciendo un s\u00edmil con las fases de la situaci\u00f3n sanitaria podr\u00edamos llamar: docencia de emergencia, docencia de contenci\u00f3n y docencia de adaptaci\u00f3n. Y lo haremos desde la perspectiva institucional y de pol\u00edtica universitaria, desde la visi\u00f3n pr\u00e1ctica a pie de aula, desde el uso de metodolog\u00edas que se han visto impulsadas y consolidadas por la situaci\u00f3n y tambi\u00e9n desde la perspectiva de los elementos clave en la docencia en l\u00ednea que no hay que perder de vista al afrontar estos retos con el objetivo final sacar el mejor partido de la virtualidad y la presencialidad.\u00a0<\/span><\/p>\n<p><span style=\"font-weight: 400;\">Y lo haremos de la mano de tres profesores referentes en la docencia universitaria de la inform\u00e1tica que nos acompa\u00f1ar\u00e1n con sus reflexiones y experiencias, siempre ilustradoras e inspiradoras: \u00c1ngel Fidalgo, Fara\u00f3n Llorens y Meche Marqu\u00e9s y con la moderaci\u00f3n de M.Jes\u00fas Marco.<\/span><\/p>\n<p><span style=\"font-weight: 400;\">Parafraseando a Albert Einstein, \u201cSin crisis no hay desaf\u00edos\u201d. \u00a1Aprovechemos esta situaci\u00f3n para mejorar!<\/span><\/p>\n<p>&nbsp;<\/p>\n<p><b>Moderadora<\/b><span style=\"font-weight: 400;\">: <strong>M. Jes\u00fas Marco Galindo<\/strong>\u00a0<\/span><\/p>\n<p><img decoding=\"async\" class=\"alignnone size-medium wp-image-827\" style=\"float: left; width: 127px; height: 165px; margin-right: 10px;\" src=\"https:\/\/jenui2020.uv.es\/wp-content\/uploads\/2020\/06\/mjesus.jpg\" alt=\"MJesus\" \/><span style=\"font-weight: 400;\">Doctora en Educaci\u00f3 i TIC (eLearning) por la Universidad Oberta de Catalunya (UOC). M\u00e0ster en Societat de la informaci\u00f3 i el coneixement per la UOC y M\u00e0ster en Direcci\u00f3 i Administraci\u00f3 d\u2019Empreses por la Universitat Polit\u00e8cnica de Catalunya (UPC). Licenciada en Inform\u00e0tica porla UPC.<\/span><\/p>\n<p><span style=\"font-weight: 400;\">Actualmente es profesora de los Estudios de Inform\u00e1tica, Multimedia y Telecomunicaci\u00f3n de la UOC y responsable del equipo docente de programaci\u00f3n. Desarrolla su actividad docente y de investigaci\u00f3n en el \u00e1mbito de la did\u00e1ctica de la algor\u00edtmica, la programaci\u00f3n y el pensamiento computacional y de la ense\u00f1anza-aprendizaje de las competencias transversales (con especial inter\u00e9s en la comunicaci\u00f3n escrita en \u00e1mbitos de especialidad t\u00e9cnica). Pertenece al grupo de investigaci\u00f3n UOC preconsolidado Laika &#8220;Learning Analytics for Innovation and Knowledge Application in Higher Education&#8221;. Es miembro de AENUI y de la Comisi\u00f3n ejecutiva de AENUI.<\/span><\/p>\n<p><span style=\"font-weight: 400;\">Ha sido directora de la Ingenier\u00eda T\u00e9cnica en Inform\u00e1tica de Gesti\u00f3n y de la Ingenier\u00eda de Inform\u00e1tica de la UOC, profesora asociada en el Departamento de Lenguajes y sistemas inform\u00e1ticos de la UPC y analista de sistemas inform\u00e1ticos en la empresa privada, coordinadora del Comit\u00e9 organizador de las JENUI 2018 y miembro del Comit\u00e9 directivo de JENUI.<\/span><\/p>\n<p>&nbsp;<\/p>\n<p><b>Ponentes:<\/b><\/p>\n<p><b>Fara\u00f3n Llorens Largo<\/b><\/p>\n<p><img decoding=\"async\" class=\"alignnone size-medium wp-image-827\" style=\"float: left; width: 127px; height: 165px; margin-right: 10px;\" src=\"https:\/\/jenui2020.uv.es\/wp-content\/uploads\/2020\/06\/faraon.jpg\" alt=\"Faraon\" \/><span style=\"font-weight: 400;\">Diplomado en Profesorado de EGB (Universidad de Alicante, 1982), Licenciado en Inform\u00e1tica (Universidad Polit\u00e9cnica de Valencia, 1993) y doctor Ingeniero en Inform\u00e1tica (Universidad de Alicante, 2001). Catedr\u00e1tico de Escuela Universitaria de Ciencia de la Computaci\u00f3n e Inteligencia Artificial y director de la C\u00e1tedra Santander-UA de Transformaci\u00f3n Digital. Subdirector del Departamento de Tecnolog\u00eda Inform\u00e1tica y Computaci\u00f3n (1996-1997), subdirector del Departamento de Ciencia de la Computaci\u00f3n e Inteligencia Artificial (1997-2000), Director de la Escuela Polit\u00e9cnica Superior (2000-2005) y Vicerrector de Tecnolog\u00eda e Innovaci\u00f3n Educativa (2005-2012). Secretario Ejecutivo de la Comisi\u00f3n Sectorial TIC de la CRUE (2010-2012). Premio \u201cSapiens 2008 al Profesional\u201d, concedido por el COIICV y premio \u201cAENUI a la Calidad e Innovaci\u00f3n Docente 2013\u201d. Presidente de AENUI (Asociaci\u00f3n de Ense\u00f1antes Universitarios de Inform\u00e1tica), miembro del Consejo General de SCIE (Sociedad Cient\u00edfica Inform\u00e1tica de Espa\u00f1a), Colegiado fundador del COIICV (Colegio Oficial de Ingenieros en Inform\u00e1tica de la Comunidad Valenciana). Socio de AEPIA (Asociaci\u00f3n Espa\u00f1ola Para la Inteligencia Artificial) y de SECiVi (Sociedad Espa\u00f1ola para las Ciencias del Videojuego). Co-lider del equipo GTI4U (Gobierno de Tecnolog\u00edas de la Informaci\u00f3n para Universidades). Mis trabajos de investigaci\u00f3n se enmarcan en los campos de la inteligencia artificial, el desarrollo de videojuegos, la aplicaci\u00f3n de las tecnolog\u00edas digitales a la educaci\u00f3n y el gobierno de las TI. Miembro del grupo de investigaci\u00f3n Smart Learning (Tecnolog\u00edas Inteligentes para el Aprendizaje).\u00a0<\/span><\/p>\n<p>&nbsp;<\/p>\n<p><b>Merche Marqu\u00e9s Andr\u00e9s<\/b><\/p>\n<p><img decoding=\"async\" class=\"alignnone size-medium wp-image-827\" style=\"float: left; width: 127px; height: 165px; margin-right: 10px;\" src=\"https:\/\/jenui2020.uv.es\/wp-content\/uploads\/2020\/06\/merche.jpg\" alt=\"MJesus\" \/><span style=\"font-weight: 400;\">Mercedes Marqu\u00e9s Andr\u00e9s (Valencia, 1965) obtuvo su t\u00edtulo de Licenciada en Inform\u00e1tica en la Universidad Polit\u00e9cnica de Valencia en 1990 y es Doctora en Inform\u00e1tica por la Universitat Jaume I de Castell\u00f3 (UJI) desde 2010. Es Profesora Titular de Universidad en el Departamento de Ingenier\u00eda y Ciencia de los Computadores de la UJI, en la que imparte clases desde 1993, principalmente en materias de Bases de datos. Ha dirigido diversos proyectos de innovaci\u00f3n educativa y liderado dos seminarios permanentes de innovaci\u00f3n educativa (uno sobre eficacia docente en Inform\u00e1tica, dedicado a la pr\u00e1ctica reflexiva de la docencia, y otro sobre flipped classroom, actualmente en marcha). Imparte cursos de formaci\u00f3n para profesorado universitario y de ense\u00f1anza secundaria. Actualmente es coordinadora del M\u00e1ster en Profesor\/a de Educaci\u00f3n Secundaria Obligatoria y Bachillerato, Formaci\u00f3n Profesional y Ense\u00f1anzas de Idiomas, en el que tambi\u00e9n imparte clase. Obtuvo el Premio a la Excelencia Docente Universitaria correspondiente al curso 2011\u20132012 de la UJI. Es miembro de AENUI.<\/span><\/p>\n<p>&nbsp;<\/p>\n<p><b>\u00c1ngel Fidalgo Blanco<\/b><\/p>\n<p><img decoding=\"async\" class=\"alignnone size-medium wp-image-827\" style=\"float: left; width: 127px; height: 165px; margin-right: 10px;\" src=\"https:\/\/jenui2020.uv.es\/wp-content\/uploads\/2020\/06\/angel.jpg\" alt=\"MJesus\" \/><span style=\"font-weight: 400;\">\u00c1ngel Fidalgo Blanco es diplomado en Inform\u00e1tica por la Universidad Polit\u00e9cnica de Madrid, licenciado y doctor en Inform\u00e1tica por la Universidad de Las Palmas de Gran Canaria. Profesor en la ETSI de Minas y Energ\u00eda de la Universidad Polit\u00e9cnica de Madrid.\u00a0<\/span><\/p>\n<p><span style=\"font-weight: 400;\">\u00a0<\/span><span style=\"font-weight: 400;\">Director\u00a0 del Laboratorio de Innovaci\u00f3n en Tecnolog\u00edas de la Informaci\u00f3n del Departamento de Ingenier\u00eda Geol\u00f3gica y Minera de la Universidad Polit\u00e9cnica de Madrid (UPM). Tambi\u00e9n es presidente del comit\u00e9 organizador del Congreso Internacional sobre Aprendizaje, Innovaci\u00f3n y Competitividad (CINAIC).\u00a0<\/span><\/p>\n<p><span style=\"font-weight: 400;\">Cuenta con el \u201cPremio a la mejor asignatura OCW\u201d del Ministerio de Educaci\u00f3n del Gobierno de Espa\u00f1a (2007) y los premios a\u00a0 la Innovaci\u00f3n Educativa (2014) y a la excelencia docente (2017) por la Universidad Polit\u00e9cnica de Madrid. Es editor del blog \u201cInnovaci\u00f3n Educativa\u201d y creador de la comunidad de aprendizaje \u201cconectivismo.net\u201d<\/span><\/p>\n<p><span style=\"font-weight: 400;\">Lleva trabajando en I+D+i sobre innovaci\u00f3n educativa con TIC desde hace m\u00e1s de 30\u00a0 a\u00f1os, generando productos y aplicaciones innovadoras basadas en el aprendizaje adaptativo, la gesti\u00f3n del conocimiento, el trabajo cooperativo y nuevos modelos formativos. Comprometido con la divulgaci\u00f3n participa de forma habitual en cursos, seminarios y conferencias sobre innovaci\u00f3n educativa.\u00a0<\/span><\/p>\n<p><b>\u00a0<\/b><\/p>\n<p>&nbsp;<\/p>\n","protected":false},"excerpt":{"rendered":"<p>Videoconferencia: Mi\u00e9rcoles 8 de julio de 15:30 a 17:30 (instrucciones de conexi\u00f3n) &nbsp; Ponentes: \u00c1ngel Fidalgo, Fara\u00f3n Llorens, Merche Marqu\u00e9s Moderadora: Maria Jes\u00fas Marco Galindo &nbsp; Materiales resultantes: Presentaci\u00f3n de Fara\u00f3n Llorens Presentaci\u00f3n de \u00c1ngel Fidalgo Presentaci\u00f3n de Merche Marqu\u00e9s &nbsp; T\u00edtulo: Docencia en tiempos de pandemia y m\u00e1s all\u00e1 La situaci\u00f3n de confinamiento derivada [&hellip;]<\/p>\n","protected":false},"author":1,"featured_media":0,"parent":0,"menu_order":0,"comment_status":"closed","ping_status":"closed","template":"","meta":[],"_links":{"self":[{"href":"https:\/\/jenui2020.uv.es\/index.php\/wp-json\/wp\/v2\/pages\/794"}],"collection":[{"href":"https:\/\/jenui2020.uv.es\/index.php\/wp-json\/wp\/v2\/pages"}],"about":[{"href":"https:\/\/jenui2020.uv.es\/index.php\/wp-json\/wp\/v2\/types\/page"}],"author":[{"embeddable":true,"href":"https:\/\/jenui2020.uv.es\/index.php\/wp-json\/wp\/v2\/users\/1"}],"replies":[{"embeddable":true,"href":"https:\/\/jenui2020.uv.es\/index.php\/wp-json\/wp\/v2\/comments?post=794"}],"version-history":[{"count":17,"href":"https:\/\/jenui2020.uv.es\/index.php\/wp-json\/wp\/v2\/pages\/794\/revisions"}],"predecessor-version":[{"id":1176,"href":"https:\/\/jenui2020.uv.es\/index.php\/wp-json\/wp\/v2\/pages\/794\/revisions\/1176"}],"wp:attachment":[{"href":"https:\/\/jenui2020.uv.es\/index.php\/wp-json\/wp\/v2\/media?parent=794"}],"curies":[{"name":"wp","href":"https:\/\/api.w.org\/{rel}","templated":true}]}}