{"id":671,"date":"2020-05-11T21:40:59","date_gmt":"2020-05-11T19:40:59","guid":{"rendered":"https:\/\/jenui2020.uv.es\/?page_id=671"},"modified":"2020-05-11T21:43:07","modified_gmt":"2020-05-11T19:43:07","slug":"jenui-2021","status":"publish","type":"page","link":"https:\/\/jenui2020.uv.es\/index.php\/jenui-2021\/","title":{"rendered":"JENUI 2021"},"content":{"rendered":"<p>Ante la celebraci\u00f3n excepcional en modalidad virtual de las JENUI 2020 causada por el COVID-19 y el deseo de poder reunirnos en persona en Val\u00e8ncia, el Comit\u00e9 Directivo de JENUI ha decidido que la <a href=\"https:\/\/www.uv.es\/etse\">Escola T\u00e8cnica Superior d\u2019Enginyeria<\/a> de la <a href=\"https:\/\/www.uv.es\">Universitat de Val\u00e8ncia<\/a> (ETSE-UV) sea de nuevo la entidad organizadora de la XXVII edici\u00f3n de las Jornadas sobre la Ense\u00f1anza Universitaria de la Inform\u00e1tica (JENUI), que tendr\u00e1 lugar en julio de 2021.<\/p>\n","protected":false},"excerpt":{"rendered":"<p>Ante la celebraci\u00f3n excepcional en modalidad virtual de las JENUI 2020 causada por el COVID-19 y el deseo de poder reunirnos en persona en Val\u00e8ncia, el Comit\u00e9 Directivo de JENUI ha decidido que la Escola T\u00e8cnica Superior d\u2019Enginyeria de la Universitat de Val\u00e8ncia (ETSE-UV) sea de nuevo la entidad organizadora de la XXVII edici\u00f3n de [&hellip;]<\/p>\n","protected":false},"author":1,"featured_media":0,"parent":0,"menu_order":0,"comment_status":"closed","ping_status":"closed","template":"","meta":[],"_links":{"self":[{"href":"https:\/\/jenui2020.uv.es\/index.php\/wp-json\/wp\/v2\/pages\/671"}],"collection":[{"href":"https:\/\/jenui2020.uv.es\/index.php\/wp-json\/wp\/v2\/pages"}],"about":[{"href":"https:\/\/jenui2020.uv.es\/index.php\/wp-json\/wp\/v2\/types\/page"}],"author":[{"embeddable":true,"href":"https:\/\/jenui2020.uv.es\/index.php\/wp-json\/wp\/v2\/users\/1"}],"replies":[{"embeddable":true,"href":"https:\/\/jenui2020.uv.es\/index.php\/wp-json\/wp\/v2\/comments?post=671"}],"version-history":[{"count":3,"href":"https:\/\/jenui2020.uv.es\/index.php\/wp-json\/wp\/v2\/pages\/671\/revisions"}],"predecessor-version":[{"id":676,"href":"https:\/\/jenui2020.uv.es\/index.php\/wp-json\/wp\/v2\/pages\/671\/revisions\/676"}],"wp:attachment":[{"href":"https:\/\/jenui2020.uv.es\/index.php\/wp-json\/wp\/v2\/media?parent=671"}],"curies":[{"name":"wp","href":"https:\/\/api.w.org\/{rel}","templated":true}]}}