{"id":582,"date":"2020-04-01T10:58:47","date_gmt":"2020-04-01T08:58:47","guid":{"rendered":"https:\/\/jenui2020.uv.es\/?page_id=582"},"modified":"2020-06-29T14:50:50","modified_gmt":"2020-06-29T12:50:50","slug":"programa-virtual","status":"publish","type":"page","link":"https:\/\/jenui2020.uv.es\/index.php\/programa-virtual\/","title":{"rendered":"Programa virtual"},"content":{"rendered":"<p>Las JENUI 2020 se celebrar\u00e1n en modalidad virtual y su programa estar\u00e1 formado por un conjunto de actividades as\u00edncronas y s\u00edncronas que permitir\u00e1n participar e interactuar con el resto de asistentes al congreso.<\/p>\n<p>Para participar en estas actividades es necesaria <a href=\"https:\/\/jenui2020.uv.es\/index.php\/inscripcion\/\">la inscripci\u00f3n al congreso<\/a>. Consulta las modalidades de inscripci\u00f3n, que incluyen una opci\u00f3n gratuita.<\/p>\n<p>El programa virtual de actividades seguir\u00e1 la siguiente estructura:<\/p>\n<table id=\"tabla_programa\">\n<thead>\n<tr>\n<th>Desde el 1 de Julio<\/th>\n<th class=\"horas\"><\/th>\n<th>8 de Julio<\/th>\n<th>9 de Julio<\/th>\n<\/tr>\n<\/thead>\n<tbody>\n<tr>\n<td rowspan=\"5\"><strong>Actividades as\u00edncronas<\/strong><br \/>\n&#8212;<br \/>\n<a href=\"https:\/\/jenui2020.uv.es\/index.php\/presentaciones\/\">V\u00eddeos<\/a> y <a href=\"https:\/\/aulavirtual.uv.es\/?lang=es\">foro<\/a><br \/>\nde discusi\u00f3n de<br \/>\ntrabajos aceptados<br \/>\n(a partir del<br \/>\n6 de julio)<\/td>\n<td>15:30 &#8211; 17:30<\/td>\n<td class=\"sesiones\"><a href=\"https:\/\/jenui2020.uv.es\/index.php\/mesa-redonda-miercoles\">Docencia en tiempos de pandemia y m\u00e1s all\u00e1<\/a><\/td>\n<td class=\"sesiones\"><a href=\"https:\/\/jenui2020.uv.es\/index.php\/mesa-redonda-jueves\/\">La evaluaci\u00f3n en los tiempos de la pandemia<\/a><\/td>\n<\/tr>\n<tr>\n<td>17:30 &#8211; 18:30<\/td>\n<td class=\"mejores\">Mejores trabajos<\/td>\n<td class=\"actividades\">Clausura y entrega de premios<\/td>\n<\/tr>\n<tr>\n<td><\/td>\n<td><\/td>\n<td><\/td>\n<\/tr>\n<tr>\n<td>19:00 &#8211; 20:00<\/td>\n<td class=\"asamblea\">Asamblea AENUI<\/td>\n<td><\/td>\n<\/tr>\n<tr>\n<td>20:30 &#8211; 21:30<\/td>\n<td class=\"actividades\">Actividad l\u00fadica<\/td>\n<td><\/td>\n<\/tr>\n<\/tbody>\n<\/table>\n<p><strong>Actividades as\u00edncronas<\/strong><\/p>\n<ul>\n<li>Los v\u00eddeos con las presentaciones de <a href=\"https:\/\/jenui2020.uv.es\/index.php\/presentaciones\/\">los trabajos aceptados estar\u00e1n disponibles a partir del 1 de julio de 2020 organizados en sesiones tem\u00e1ticas<\/a>.<\/li>\n<li>La plataforma <a href=\"https:\/\/aulavirtual.uv.es\/?lang=es\">Aula Virtual de la Universitat de Val\u00e8ncia<\/a> permitir\u00e1 dialogar con los autores mediante foros de discusi\u00f3n asociados a las sesiones tem\u00e1ticas a partir del 6 de julio de 2020.<\/li>\n<li>Los autores de los trabajos aceptados responder\u00e1n a las preguntas y dudas que los asistentes planteen en los foros de discusi\u00f3n tras haber visto los v\u00eddeos.<\/li>\n<\/ul>\n<p><strong>Actividades s\u00edncronas<\/strong><\/p>\n<ul>\n<li>Las actividades s\u00edncronas se realizar\u00e1n por videoconferencia a trav\u00e9s de plataforma <a href=\"https:\/\/aulavirtual.uv.es\/?lang=es\">Aula Virtual de la Universitat de Val\u00e8ncia<\/a>.<\/li>\n<li>El 8 y 9 de julio, de 15:30h a 17:30h, se realizar\u00e1n dos mesas redondas sobre <a href=\"https:\/\/jenui2020.uv.es\/index.php\/mesa-redonda-miercoles\/\">docencia<\/a> y la <a href=\"https:\/\/jenui2020.uv.es\/index.php\/mesa-redonda-jueves\/\">evaluaci\u00f3n<\/a> online.<\/li>\n<li>La sesi\u00f3n de presentaciones de trabajos candidatos a mejor art\u00edculo se celebrar\u00e1 el 8 de julio de 17:30h a 18:30h y la votaci\u00f3n se realizar\u00e1 durante la Asamblea de AENUI.<\/li>\n<li>Tambi\u00e9n habr\u00e1 dos actos sociales, pero mantengamos la magia un poco m\u00e1s&#8230; \ud83d\ude00<\/li>\n<\/ul>\n","protected":false},"excerpt":{"rendered":"<p>Las JENUI 2020 se celebrar\u00e1n en modalidad virtual y su programa estar\u00e1 formado por un conjunto de actividades as\u00edncronas y s\u00edncronas que permitir\u00e1n participar e interactuar con el resto de asistentes al congreso. Para participar en estas actividades es necesaria la inscripci\u00f3n al congreso. Consulta las modalidades de inscripci\u00f3n, que incluyen una opci\u00f3n gratuita. El [&hellip;]<\/p>\n","protected":false},"author":1,"featured_media":0,"parent":0,"menu_order":0,"comment_status":"closed","ping_status":"closed","template":"","meta":[],"_links":{"self":[{"href":"https:\/\/jenui2020.uv.es\/index.php\/wp-json\/wp\/v2\/pages\/582"}],"collection":[{"href":"https:\/\/jenui2020.uv.es\/index.php\/wp-json\/wp\/v2\/pages"}],"about":[{"href":"https:\/\/jenui2020.uv.es\/index.php\/wp-json\/wp\/v2\/types\/page"}],"author":[{"embeddable":true,"href":"https:\/\/jenui2020.uv.es\/index.php\/wp-json\/wp\/v2\/users\/1"}],"replies":[{"embeddable":true,"href":"https:\/\/jenui2020.uv.es\/index.php\/wp-json\/wp\/v2\/comments?post=582"}],"version-history":[{"count":48,"href":"https:\/\/jenui2020.uv.es\/index.php\/wp-json\/wp\/v2\/pages\/582\/revisions"}],"predecessor-version":[{"id":1100,"href":"https:\/\/jenui2020.uv.es\/index.php\/wp-json\/wp\/v2\/pages\/582\/revisions\/1100"}],"wp:attachment":[{"href":"https:\/\/jenui2020.uv.es\/index.php\/wp-json\/wp\/v2\/media?parent=582"}],"curies":[{"name":"wp","href":"https:\/\/api.w.org\/{rel}","templated":true}]}}