{"id":55,"date":"2019-06-20T16:09:44","date_gmt":"2019-06-20T14:09:44","guid":{"rendered":"https:\/\/jenui2020.uv.es\/?page_id=55"},"modified":"2020-07-07T18:48:34","modified_gmt":"2020-07-07T16:48:34","slug":"comite-de-programa","status":"publish","type":"page","link":"https:\/\/jenui2020.uv.es\/index.php\/comite-de-programa\/","title":{"rendered":"Comit\u00e9 de programa"},"content":{"rendered":"<p>El Comit\u00e9 de Programa de las\u00a0<em>XXVI Jornadas sobre la Ense\u00f1anza Universitaria de la Inform\u00e1tica<\/em>\u00a0est\u00e1 formado por:<\/p>\n<p>&nbsp;<\/p>\n<ul>\n<li>Silvia Abrahao, Universidad de Politecnica de Valencia<\/li>\n<li>Silvia Acu\u00f1a Castillo, Universidad Autonoma de Madrid<\/li>\n<li>Pedro Pablo Alarc\u00f3n Cavero, Universidad Polit\u00e9cnica de Catalu\u00f1a<\/li>\n<li>Marc Alier, Universidad Polit\u00e9cnica de Catalu\u00f1a<\/li>\n<li>Carlos \u00c1lvarez, Universidad Polit\u00e9cnica de Catalu\u00f1a<\/li>\n<li>Pedro Javier \u00c1lvarez, Universidad de Zaragoza<\/li>\n<li>Fernando \u00c1lvarez Garc\u00eda, Universidad de Oviedo<\/li>\n<li>Dar\u00edo \u00c1lvarez Guti\u00e9rrez, Universidad de Oviedo<\/li>\n<li>Mancia Anguita L\u00f3pez, Universidad de Granada<\/li>\n<li>Rosa Ayala, Universidad de Almer\u00eda<\/li>\n<li>Fidel Aznar Gregori, Universidad de Alicante<\/li>\n<li>Pilar Bachiller, Universidad de Extremadura<\/li>\n<li>Jos\u00e9 Manuel Bad\u00eda Contelles, Universitat Jaume I de Castell\u00f3n<\/li>\n<li>Jos\u00e9 \u00c1ngel Ba\u00f1ares Ba\u00f1ares, Universidad de Zaragoza<\/li>\n<li>David Ba\u00f1eres, Universitat Oberta de Catalunya<\/li>\n<li>Sergio Barrachina Mir, Universitat Jaume I de Castell\u00f3n<\/li>\n<li>Marta Barria M\u00e1rtinez , Universidad de Valpara\u00edso. Chile<\/li>\n<li>Bruno Baruque Za\u00f3n, Universidad de Burgos<\/li>\n<li>Antonio Becerra Teron, University of Almeria<\/li>\n<li>LLu\u00eds Belanche, Universidad Polit\u00e9cnica de Catalu\u00f1a<\/li>\n<li>Lu\u00eds Bengochea, Universidad de Alcal\u00e1<\/li>\n<li>Jaime Benjum\u00e9a, Universidad de Sevilla<\/li>\n<li>Jos\u00e9 Vicente Bern\u00e1, Universidad de Alicante<\/li>\n<li>Carlos\u00a0 Blanco\u00a0, Universidad de Santander<\/li>\n<li>Jos\u00e9 Manuel Burgos, Universidad Polit\u00e9cnica de Madrid<\/li>\n<li>Cristina Cachero, Universidad de Alicante<\/li>\n<li>Xavier Canaleta, Universitat Ram\u00f3n Llull<\/li>\n<li>\u00d3scar C\u00e1novas Reverte, Universidad de Murcia<\/li>\n<li>Maria Jos\u00e9 Casa\u00f1, Universidad Polit\u00e9cnica de Catalu\u00f1a<\/li>\n<li>M\u00aa Asunci\u00f3n Casta\u00f1o \u00c1lvarez, Universitat Jaume I de Castell\u00f3n<\/li>\n<li>Pedro A. Castillo, Universidad de Granada<\/li>\n<li>Carlos Catal\u00e1n, Universidad de Zaragoza<\/li>\n<li>Agust\u00edn Cernuda del R\u00edo, Universidad de Oviedo<\/li>\n<li>Jos\u00e9 M. Claver Iborra, Universidad de Valencia<\/li>\n<li>C\u00e9sar Collazos, Universidad del Cauca, Colombia<\/li>\n<li>Jose Antonio Cruz-Lemus, Universidad de Castilla-La Mancha<\/li>\n<li>Ernesto Cuadros-Vargas, Universidad de Ingenier\u00eda y Tecnolog\u00eda (UTEC), Per\u00fa<\/li>\n<li>Valeria De Castro, Universidad Rey Juan Carlos<\/li>\n<li>Antonio J. de Vicente, Universidad de Alcal\u00e1<\/li>\n<li>Isabel Mar\u00eda Del \u00c1guila, Universidad de Almer\u00eda<\/li>\n<li>Adelaida Delgado Dom\u00ednguez, Universitat de les Illes Balears<\/li>\n<li>Jessica D\u00edaz Fern\u00e1ndez, Universidad Polit\u00e9cnica de Madrid<\/li>\n<li>JosuKa D\u00edaz-Labrador, Universidad de Deusto<\/li>\n<li>Manuel Enciso Garc\u00eda-Oliveros, Universidad de M\u00e1laga<\/li>\n<li>Juan Jos\u00e9 Escribano, Universidad Europea de Madrid<\/li>\n<li>Joaqu\u00edn Ezpeleta, Universidad de Zaragoza<\/li>\n<li>Jos\u00e9 Lu\u00eds Fern\u00e1ndez Alem\u00e1n, Universidad de Murcia<\/li>\n<li>Fern\u00e1ndez Baldomero Francisco Javier, Universidad de Granada<\/li>\n<li>Jesualdo Tom\u00e1s Fern\u00e1ndez Breis, Universidad de Murcia<\/li>\n<li>Xavier Ferr\u00e9, Universidad Polit\u00e9cnica de Madrid<\/li>\n<li>Efra\u00edn Rodrigo Fonseca, Universidad de las Fuerzas Armadas ESPE, Ecuador<\/li>\n<li>Ariadna Fuertes, Universidad de Valencia<\/li>\n<li>Joaquim Gabarr\u00f3, Universitat Polit\u00e8cnica de Catalunya<\/li>\n<li>Jes\u00fas Gallardo Casero, Universidad de Zaragoza<\/li>\n<li>Francisco Jos\u00e9 Gallego Dur\u00e1n, Universidad de Alicante<\/li>\n<li>Jes\u00fas Garc\u00eda Molina, Universidad de Murcia<\/li>\n<li>F\u00e9lix Garc\u00eda Rubio, Universidad de Castilla-La Mancha<\/li>\n<li>Gin\u00e9s Garcia-Mateos, Universidad de Murcia<\/li>\n<li>Marcela Genero Bocco, Universidad de Castilla-La Mancha<\/li>\n<li>Consolacion Gil, Universidad de Almer\u00eda<\/li>\n<li>Alberto G\u00f3mez, Universidad de Extremadura<\/li>\n<li>Julia Gonz\u00e1lez, Universidad de Extremadura<\/li>\n<li>Pilar Gonz\u00e1lez, Universidad de Murcia<\/li>\n<li>Francisco Grimaldo Moreno, Universidad de Valencia<\/li>\n<li>Jos\u00e9 Mar\u00eda Guti\u00e9rrez, Universidad de Alcal\u00e1<\/li>\n<li>Juan Hern\u00e1ndez, Universidad de Extremadura<\/li>\n<li>Juan F. R. Herrera, Universidad de Almer\u00eda<\/li>\n<li>Emilio Insfran\u00a0, Universidad de Politecnica de Valencia<\/li>\n<li>In\u00e9s Jacob Taquet, Universidad de Deusto<\/li>\n<li>M. Carmen Juan, Universidad Polit\u00e9cnica de Valencia<\/li>\n<li>Elena Jurado, Universidad de Extremadura<\/li>\n<li>Carmen \u00a0 Lacave\u00a0 \u00a0, Universidad de Castilla-La Mancha<\/li>\n<li>Mart\u00edn Llamas Nistal, Universidad de Vigo<\/li>\n<li>Fara\u00f3n Llorens, Universidad de Alicante<\/li>\n<li>Silvia Llorente, Universidad Polit\u00e9cnica de Catalu\u00f1a<\/li>\n<li>David L\u00f3pez, Universidad Polit\u00e9cnica de Catalu\u00f1a<\/li>\n<li>Emilia L\u00f3pez-I\u00f1esta, Universidad de Valencia<\/li>\n<li>Gabriel L\u00f3pez, Universidad de Murcia<\/li>\n<li>Carlos L\u00f3pez Nozal, Universidad de Burgos<\/li>\n<li>Adolfo Lozano Tello, Universidad de Extremadura<\/li>\n<li>C\u00e1ndida Luengo D\u00edez, Universidad de Oviedo<\/li>\n<li>Sergio Luj\u00e1n, Universidad de Alicante<\/li>\n<li>M. Jes\u00fas Marco Galindo, Universitat Oberta de Catalunya<\/li>\n<li>Mercedes Marqu\u00e9s, Universitat Jaume I de Castell\u00f3n<\/li>\n<li>Antonio Mart\u00ed Campoy, Universidad Polit\u00e9cnica de Valencia<\/li>\n<li>Ra\u00fal Marticorena, Universidad de Burgos<\/li>\n<li>Carme Mart\u00edn, Universidad Polit\u00e9cnica de Catalu\u00f1a<\/li>\n<li>Rafael Mart\u00ednez Gasca, Universidad de Sevilla<\/li>\n<li>Jorge M\u00e1s, Universidad Polit\u00e9cnica de Valencia<\/li>\n<li>Manuel Mej\u00edas, Universidad de Sevilla<\/li>\n<li>Marcos Menarguez, Universidad de Murcia<\/li>\n<li>Joe Mir\u00f3, Universitat de les Illes Balears<\/li>\n<li>Rafael Molina, Universidad de Alicante<\/li>\n<li>Germ\u00e1n Molt\u00f3, Universidad Polit\u00e9cnica de Valencia<\/li>\n<li>\u00c1ngel Mora Bonilla, Universidad de M\u00e1laga<\/li>\n<li>Francisco Mora Liz\u00e1n, Universidad de Alicante<\/li>\n<li>Ana Moreno, Universidad Polit\u00e9cnica de Madrid<\/li>\n<li>Jose Carlos Moreno, Universidad de Almer\u00eda<\/li>\n<li>Antonio Moreno Ribas, Universitat Rovira i Virgili<\/li>\n<li>Joaquin Nicol\u00e1s Ros, Universidad de Murcia<\/li>\n<li>Gloria Ortega, Universidad de Almer\u00eda<\/li>\n<li>Beatriz Otero, Universidad Polit\u00e9cnica de Catalu\u00f1a<\/li>\n<li>Luisa Parody, Universidad de Sevilla<\/li>\n<li>Vicente Pelechano\u00a0, Universidad de Politecnica de Valencia<\/li>\n<li>Rosal\u00eda Pe\u00f1a, Universidad de Alcal\u00e1<\/li>\n<li>Jenifer P\u00e9rez Benedi, Universidad Polit\u00e9cnica de Madrid<\/li>\n<li>Antoni Perez-Poch, Universidad Polit\u00e9cnica de Catalu\u00f1a<\/li>\n<li>\u00c1ngel F. Perles Ivars, Universidad Polit\u00e9cnica de Valencia<\/li>\n<li>Antonio Polo, Universidad de Extremadura<\/li>\n<li>\u00c1lvaro Prieto, Universidad de Extremadura<\/li>\n<li>Mar Pujol, Universidad de Alicante<\/li>\n<li>Miguel Angel Redondo, Universidad de Castilla-La Mancha<\/li>\n<li>Llu\u00eds Ribas Xirgo, Universitat Aut\u00f3noma de Barcelona<\/li>\n<li>M.Elena Rodr\u00edguez, Universitat Oberta de Catalunya<\/li>\n<li>Roberto Rodr\u00edguez-Echeverria, Universidad de Extremadura<\/li>\n<li>Francisco Pascual Romero, Universidad de Castilla-La Mancha<\/li>\n<li>Francisco Ruiz Gonz\u00e1lez, Universidad de Castilla-La Mancha<\/li>\n<li>Fernando Saenz P\u00e9rez, Universidad Complutense de Madrid<\/li>\n<li>Ferm\u00edn S\u00e1nchez Carracedo, Universidad Polit\u00e9cnica de Catalu\u00f1a<\/li>\n<li>Fernando S\u00e1nchez Figueroa, Universidad de Extremadura<\/li>\n<li>Cecilia Sanz, Universidad Nacional de La Plata, Argentina<\/li>\n<li>Jesus Serrano, Universidad de Castilla-La Mancha<\/li>\n<li>Martin Solari, Universidad ORT, Uruguay<\/li>\n<li>Bel\u00e9n Vaquerizo Garc\u00eda, Universidad de Burgos<\/li>\n<li>Juan Manuel Vara, Universidad Rey Juan Carlos<\/li>\n<li>\u00c1ngel Jes\u00fas Varela Vaca, Universidad de Sevilla<\/li>\n<li>Aurora Vizcaino, Universidad de Castilla-La Mancha<\/li>\n<li>F. Javier Zarazaga, Universidad de Zaragoza<\/li>\n<li>Vicente Ram\u00f3n Tom\u00e1s L\u00f3pez, Universitat Jaume I de Castell\u00f3n<\/li>\n<\/ul>\n","protected":false},"excerpt":{"rendered":"<p>El Comit\u00e9 de Programa de las\u00a0XXVI Jornadas sobre la Ense\u00f1anza Universitaria de la Inform\u00e1tica\u00a0est\u00e1 formado por: &nbsp; Silvia Abrahao, Universidad de Politecnica de Valencia Silvia Acu\u00f1a Castillo, Universidad Autonoma de Madrid Pedro Pablo Alarc\u00f3n Cavero, Universidad Polit\u00e9cnica de Catalu\u00f1a Marc Alier, Universidad Polit\u00e9cnica de Catalu\u00f1a Carlos \u00c1lvarez, Universidad Polit\u00e9cnica de Catalu\u00f1a Pedro Javier \u00c1lvarez, Universidad [&hellip;]<\/p>\n","protected":false},"author":1,"featured_media":0,"parent":0,"menu_order":0,"comment_status":"closed","ping_status":"closed","template":"","meta":[],"_links":{"self":[{"href":"https:\/\/jenui2020.uv.es\/index.php\/wp-json\/wp\/v2\/pages\/55"}],"collection":[{"href":"https:\/\/jenui2020.uv.es\/index.php\/wp-json\/wp\/v2\/pages"}],"about":[{"href":"https:\/\/jenui2020.uv.es\/index.php\/wp-json\/wp\/v2\/types\/page"}],"author":[{"embeddable":true,"href":"https:\/\/jenui2020.uv.es\/index.php\/wp-json\/wp\/v2\/users\/1"}],"replies":[{"embeddable":true,"href":"https:\/\/jenui2020.uv.es\/index.php\/wp-json\/wp\/v2\/comments?post=55"}],"version-history":[{"count":7,"href":"https:\/\/jenui2020.uv.es\/index.php\/wp-json\/wp\/v2\/pages\/55\/revisions"}],"predecessor-version":[{"id":1158,"href":"https:\/\/jenui2020.uv.es\/index.php\/wp-json\/wp\/v2\/pages\/55\/revisions\/1158"}],"wp:attachment":[{"href":"https:\/\/jenui2020.uv.es\/index.php\/wp-json\/wp\/v2\/media?parent=55"}],"curies":[{"name":"wp","href":"https:\/\/api.w.org\/{rel}","templated":true}]}}