{"id":47,"date":"2019-06-20T16:07:11","date_gmt":"2019-06-20T14:07:11","guid":{"rendered":"https:\/\/jenui2020.uv.es\/?page_id=47"},"modified":"2020-05-04T13:10:50","modified_gmt":"2020-05-04T11:10:50","slug":"jenui-2020","status":"publish","type":"page","link":"https:\/\/jenui2020.uv.es\/","title":{"rendered":"JENUI 2020"},"content":{"rendered":"<h3 style=\"text-align: left;\"><strong>[Ante la situaci\u00f3n extraordinaria en que nos encontramos debida al COVID-19,\u00a0<a href=\"https:\/\/jenui2020.uv.es\/index.php\/programa-virtual\/\">las Jornadas se celebrar\u00e1n en formato virtual<\/a>]<\/strong><\/h3>\n<p>&nbsp;<\/p>\n<p>El objetivo de las\u00a0<b>XXVI Jornadas sobre la Ense\u00f1anza Universitaria de la Inform\u00e1tica (JENUI 2020)<\/b>, promovidas por la Asociaci\u00f3n de Ense\u00f1antes Universitarios de la Inform\u00e1tica (<a href=\"http:\/\/aenui.net\/\">AENUI<\/a>) y organizadas por la Escola T\u00e8cnica Superior d&#8217;Enginyeria de la Universitat de Val\u00e8ncia (<a href=\"http:\/\/www.uv.es\/etse\">ETSE-UV<\/a>), es promover el contacto, el intercambio y la discusi\u00f3n de conocimientos y experiencias entre profesores universitarios de Inform\u00e1tica y grupos de investigaci\u00f3n; debatir sobre el contenido de los programas y los m\u00e9todos pedag\u00f3gicos empleados; as\u00ed como materializar un foro de debate en el que presentar temas y enfoques innovadores orientados a mejorar la docencia de la Inform\u00e1tica en las universidades.<\/p>\n<p><!--Descarga el <a href=\"https:\/\/jenui2020.uv.es\/wp-content\/uploads\/2019\/06\/Poster_JENUI2020.pdf\">p\u00f3ster<\/a> con las fechas clave y accede a la llamada a la participaci\u00f3n en <a href=\"https:\/\/easychair.org\/cfp\/jenui-2020\">EasyChair<\/a>--><\/p>\n","protected":false},"excerpt":{"rendered":"<p>[Ante la situaci\u00f3n extraordinaria en que nos encontramos debida al COVID-19,\u00a0las Jornadas se celebrar\u00e1n en formato virtual] &nbsp; El objetivo de las\u00a0XXVI Jornadas sobre la Ense\u00f1anza Universitaria de la Inform\u00e1tica (JENUI 2020), promovidas por la Asociaci\u00f3n de Ense\u00f1antes Universitarios de la Inform\u00e1tica (AENUI) y organizadas por la Escola T\u00e8cnica Superior d&#8217;Enginyeria de la Universitat de [&hellip;]<\/p>\n","protected":false},"author":1,"featured_media":0,"parent":0,"menu_order":0,"comment_status":"closed","ping_status":"closed","template":"","meta":[],"_links":{"self":[{"href":"https:\/\/jenui2020.uv.es\/index.php\/wp-json\/wp\/v2\/pages\/47"}],"collection":[{"href":"https:\/\/jenui2020.uv.es\/index.php\/wp-json\/wp\/v2\/pages"}],"about":[{"href":"https:\/\/jenui2020.uv.es\/index.php\/wp-json\/wp\/v2\/types\/page"}],"author":[{"embeddable":true,"href":"https:\/\/jenui2020.uv.es\/index.php\/wp-json\/wp\/v2\/users\/1"}],"replies":[{"embeddable":true,"href":"https:\/\/jenui2020.uv.es\/index.php\/wp-json\/wp\/v2\/comments?post=47"}],"version-history":[{"count":20,"href":"https:\/\/jenui2020.uv.es\/index.php\/wp-json\/wp\/v2\/pages\/47\/revisions"}],"predecessor-version":[{"id":619,"href":"https:\/\/jenui2020.uv.es\/index.php\/wp-json\/wp\/v2\/pages\/47\/revisions\/619"}],"wp:attachment":[{"href":"https:\/\/jenui2020.uv.es\/index.php\/wp-json\/wp\/v2\/media?parent=47"}],"curies":[{"name":"wp","href":"https:\/\/api.w.org\/{rel}","templated":true}]}}