{"id":430,"date":"2020-01-10T14:39:46","date_gmt":"2020-01-10T13:39:46","guid":{"rendered":"https:\/\/jenui2020.uv.es\/?page_id=430"},"modified":"2020-06-19T14:04:23","modified_gmt":"2020-06-19T12:04:23","slug":"inscripcion","status":"publish","type":"page","link":"https:\/\/jenui2020.uv.es\/index.php\/inscripcion\/","title":{"rendered":"Inscripci\u00f3n"},"content":{"rendered":"<header class=\"entry-header\">\n<p class=\"entry-title\">Las JENUI 2020 desean contribuir a la mejora de la docencia de la inform\u00e1tica con una edici\u00f3n virtual que muestre el potencial docente de las herramientas y metodolog\u00edas on-line, un reto que cobra especial importancia en el contexto actual.<\/p>\n<p>Con el objetivo de abrir al m\u00e1ximo la participaci\u00f3n, se han dise\u00f1ado dos modalidades de inscripci\u00f3n:<\/p>\n<ul>\n<li><strong>Inscripci\u00f3n para autores o participantes con certificado:<\/strong> 80\u20ac\n<ul>\n<li>Si presenta un trabajo o desea recibir un certificado de participaci\u00f3n debe utilizar esta modalidad.<\/li>\n<li>Permite el env\u00edo y acceso a las presentaciones en v\u00eddeo de los trabajos aceptados.<\/li>\n<li>Permite el acceso a la plataforma de interacci\u00f3n con los autores mediante foros y videoconferencias.<\/li>\n<li>Cada inscripci\u00f3n permite presentar un m\u00e1ximo de dos trabajos.<\/li>\n<li>Es obligatorio que, al menos, un autor de cada contribuci\u00f3n aceptada se inscriba en las jornadas.<\/li>\n<\/ul>\n<\/li>\n<\/ul>\n<ul>\n<li><strong>Inscripci\u00f3n para asistentes:<\/strong> Gratuita\n<ul>\n<li>Permite el acceso a las presentaciones en v\u00eddeo de los trabajos aceptados.<\/li>\n<li>Permite el acceso a la plataforma de interacci\u00f3n con los autores mediante foros y videoconferencias.<\/li>\n<li>No se emitir\u00e1n certificados de asistencia o participaci\u00f3n mediante este tipo de inscripci\u00f3n.<\/li>\n<\/ul>\n<\/li>\n<\/ul>\n<\/header>\n<div class=\"entry-content\">\n<h3>Formulario de inscripci\u00f3n<\/h3>\n<p>Rellena el siguiente <a href=\"https:\/\/congresos.adeituv.es\/jenui2020\/inscripcion\/index.es.html\">formulario para formalizar tu inscripci\u00f3n<\/a><\/p>\n<p>Si tiene cualquier consulta o problema relacionado con la inscripci\u00f3n, puede ponerse en contacto con nosotros enviando un mensaje a <a href=\"mailto:congresos@adeituv.es\">congresos@adeituv.es<\/a><\/p>\n<h3>Plazo de inscripci\u00f3n<\/h3>\n<ul>\n<li>Del\u00a04 de mayo al 5 de julio de 2020<\/li>\n<\/ul>\n<\/div>\n","protected":false},"excerpt":{"rendered":"<p>Las JENUI 2020 desean contribuir a la mejora de la docencia de la inform\u00e1tica con una edici\u00f3n virtual que muestre el potencial docente de las herramientas y metodolog\u00edas on-line, un reto que cobra especial importancia en el contexto actual. Con el objetivo de abrir al m\u00e1ximo la participaci\u00f3n, se han dise\u00f1ado dos modalidades de inscripci\u00f3n: [&hellip;]<\/p>\n","protected":false},"author":1,"featured_media":0,"parent":0,"menu_order":0,"comment_status":"closed","ping_status":"closed","template":"","meta":[],"_links":{"self":[{"href":"https:\/\/jenui2020.uv.es\/index.php\/wp-json\/wp\/v2\/pages\/430"}],"collection":[{"href":"https:\/\/jenui2020.uv.es\/index.php\/wp-json\/wp\/v2\/pages"}],"about":[{"href":"https:\/\/jenui2020.uv.es\/index.php\/wp-json\/wp\/v2\/types\/page"}],"author":[{"embeddable":true,"href":"https:\/\/jenui2020.uv.es\/index.php\/wp-json\/wp\/v2\/users\/1"}],"replies":[{"embeddable":true,"href":"https:\/\/jenui2020.uv.es\/index.php\/wp-json\/wp\/v2\/comments?post=430"}],"version-history":[{"count":16,"href":"https:\/\/jenui2020.uv.es\/index.php\/wp-json\/wp\/v2\/pages\/430\/revisions"}],"predecessor-version":[{"id":940,"href":"https:\/\/jenui2020.uv.es\/index.php\/wp-json\/wp\/v2\/pages\/430\/revisions\/940"}],"wp:attachment":[{"href":"https:\/\/jenui2020.uv.es\/index.php\/wp-json\/wp\/v2\/media?parent=430"}],"curies":[{"name":"wp","href":"https:\/\/api.w.org\/{rel}","templated":true}]}}