{"id":233,"date":"2019-10-23T12:49:43","date_gmt":"2019-10-23T10:49:43","guid":{"rendered":"https:\/\/jenui2020.uv.es\/?page_id=233"},"modified":"2019-10-24T00:24:24","modified_gmt":"2019-10-23T22:24:24","slug":"envio-de-trabajos","status":"publish","type":"page","link":"https:\/\/jenui2020.uv.es\/index.php\/envio-de-trabajos\/","title":{"rendered":"Env\u00edo de trabajos"},"content":{"rendered":"<p>S\u00f3lo se debe enviar un trabajo despu\u00e9s de haber enviado el correspondiente resumen. En caso de no haber enviado a\u00fan el resumen, consultad las\u00a0<a href=\"https:\/\/jenui2020.uv.es\/index.php\/envio-de-resumenes\/\">instrucciones para el env\u00edo de res\u00famenes<\/a>.<\/p>\n<p>El trabajo\u00a0a subir\u00a0<strong>debe estar en formato PDF<\/strong>\u00a0y debe haber sido preparado utilizando las plantillas disponibles en\u00a0<a href=\"https:\/\/jenui2020.uv.es\/index.php\/documentacion\/\">Documentaci\u00f3n<\/a>.<\/p>\n<p>Hay que tener en cuenta, adem\u00e1s, que puesto que el proceso de revisi\u00f3n es ciego,\u00a0<strong>los nombres de los autores no deben figurar en el documento enviado<\/strong>. De igual forma, se debe poner especial cuidado en no revelar en este env\u00edo la identidad de los autores (p.e. no poniendo el nombre de la universidad en la que se ha realizado el estudio, ocultando las citas a art\u00edculos propios\u2026).<\/p>\n<p>Para subir el trabajo, hay que seguir\u00a0las siguientes instrucciones:<\/p>\n<ol>\n<li>Entrar con la cuenta personal en la\u00a0<a href=\"https:\/\/easychair.org\/conferences\/?conf=jenui2020\">p\u00e1gina de acceso de las jornadas en\u00a0<em>EasyChair<\/em><\/a>\u00a0 (si se ha olvidado el usuario o la contrase\u00f1a, se pueden recuperar desde la misma plataforma).<\/li>\n<li>En caso de tener varios roles (ser autor y revisor, por ejemplo), se dar\u00e1 la posibilidad de elegir con qu\u00e9 rol se quiere acceder: hay que elegir acceder como autor.<\/li>\n<li>Bajo el t\u00edtulo \u00abJENUI 2020 (author)\u00bb aparecer\u00e1 el env\u00edo o los env\u00edos que has realizado. Cada uno tiene un n\u00famero que indica el orden de entrega en la plataforma; por ejemplo,\u00a0<em>\u00abSubmission 42\u00bb<\/em>.<\/li>\n<li>Pinchar sobre el env\u00edo que se quiera completar. Al hacerlo, se podr\u00e1n ver los datos que se introdujeron al subir su resumen. Adem\u00e1s, en la parte derecha de la ventana aparecer\u00e1 un men\u00fa que permitir\u00e1, entre otras cosas, actualizar la informaci\u00f3n introducida (autores, palabras clave, etc.) y enviar el trabajo completo. Para completar el env\u00edo, hay que pulsar\u00a0<em>Add file<\/em>.<\/li>\n<\/ol>\n<p>Mientras est\u00e9 abierto el plazo de env\u00edo de trabajos se podr\u00e1 actualizar el env\u00edo siguiendo de nuevo el procedimiento anterior.<\/p>\n","protected":false},"excerpt":{"rendered":"<p>S\u00f3lo se debe enviar un trabajo despu\u00e9s de haber enviado el correspondiente resumen. En caso de no haber enviado a\u00fan el resumen, consultad las\u00a0instrucciones para el env\u00edo de res\u00famenes. El trabajo\u00a0a subir\u00a0debe estar en formato PDF\u00a0y debe haber sido preparado utilizando las plantillas disponibles en\u00a0Documentaci\u00f3n. Hay que tener en cuenta, adem\u00e1s, que puesto que el [&hellip;]<\/p>\n","protected":false},"author":1,"featured_media":0,"parent":0,"menu_order":0,"comment_status":"closed","ping_status":"closed","template":"","meta":[],"_links":{"self":[{"href":"https:\/\/jenui2020.uv.es\/index.php\/wp-json\/wp\/v2\/pages\/233"}],"collection":[{"href":"https:\/\/jenui2020.uv.es\/index.php\/wp-json\/wp\/v2\/pages"}],"about":[{"href":"https:\/\/jenui2020.uv.es\/index.php\/wp-json\/wp\/v2\/types\/page"}],"author":[{"embeddable":true,"href":"https:\/\/jenui2020.uv.es\/index.php\/wp-json\/wp\/v2\/users\/1"}],"replies":[{"embeddable":true,"href":"https:\/\/jenui2020.uv.es\/index.php\/wp-json\/wp\/v2\/comments?post=233"}],"version-history":[{"count":6,"href":"https:\/\/jenui2020.uv.es\/index.php\/wp-json\/wp\/v2\/pages\/233\/revisions"}],"predecessor-version":[{"id":250,"href":"https:\/\/jenui2020.uv.es\/index.php\/wp-json\/wp\/v2\/pages\/233\/revisions\/250"}],"wp:attachment":[{"href":"https:\/\/jenui2020.uv.es\/index.php\/wp-json\/wp\/v2\/media?parent=233"}],"curies":[{"name":"wp","href":"https:\/\/api.w.org\/{rel}","templated":true}]}}