{"id":1109,"date":"2020-07-04T13:02:54","date_gmt":"2020-07-04T11:02:54","guid":{"rendered":"https:\/\/jenui2020.uv.es\/?page_id=1109"},"modified":"2020-07-08T22:06:00","modified_gmt":"2020-07-08T20:06:00","slug":"virule","status":"publish","type":"page","link":"https:\/\/jenui2020.uv.es\/index.php\/virule\/","title":{"rendered":"JENUI a la virul\u00e9"},"content":{"rendered":"<p>[<a href=\"https:\/\/www.youtube.com\/playlist?list=PL0y7iH6ICYIPIsYb7F_LuCFl7qDbqiaKl\">V\u00eddeos con los testimonios en clave de humor para la actividad l\u00fadica &#8220;<strong>JENUI a la virul\u00e9<\/strong>&#8220;<\/a>]<\/p>\n<p>Sigue las siguientes intsrucciones para participar en la actividad l\u00fadica de JENUI 2020:<\/p>\n<ol>\n<li>Ponte tus <u>mejores galas<\/u>, al menos de cintura para arriba.<\/li>\n<li>Ten a mano tu <u>consumici\u00f3n<\/u> favorita, y pon otra a refrescar.<\/li>\n<li>Prepara algo de <u>aperitivo<\/u>, para beber hay que comer.<\/li>\n<li>Con\u00e9ctate a las <u>20:30h<\/u>, si te pasas te lo pierdes!<\/li>\n<li>Encontrar\u00e1s el <a href=\"https:\/\/aulavirtual.uv.es\/?lang=es\">enlace a la videoconferencia en la plataforma de participaci\u00f3n<\/a>.<\/li>\n<li>Consulta las siguientes <a href=\"#faqs\">FAQs para moverte por la videoconferencia<\/a>.<\/li>\n<li>Dale a la ruleta, <u>\u00fanete a la mesa<\/u> que te toque y d\u00e9jate llevar&#8230;<\/li>\n<\/ol>\n<p>&nbsp;<\/p>\n<p style=\"text-align: center;\"><iframe loading=\"lazy\" src=\"https:\/\/wheeldecide.com\/e.php?c1=Sexenio+de+transferencia%21&amp;c2=Mesa+1+-+Aigua+de+Val%C3%A8ncia&amp;c3=Mesa+2+-+Plis-plai&amp;c4=Mesa+3+-+Gimlet&amp;c5=Mesa+4+-+Caipirinha&amp;c6=Mesa+5+-+Mojito&amp;c7=Mesa+6+-+Pomada&amp;c8=Subes+a+32+cr%C3%A9ditos%21%21&amp;c9=Mesa+7+-+Chiriviru&amp;c10=Mesa+8+-+Margarita&amp;c11=Mesa+9+-+Sex on the beach&amp;c12=Mesa+10+-+Gin Tonic&amp;c13=Mesa+11+-+Cuba Libre&amp;c14=Mesa+12+-Rebujito&amp;col=light&amp;t=JENUI+a+la+virul%C3%A9&amp;time=15\" width=\"500\" height=\"500\" frameborder=\"0\" scrolling=\"no\"><\/iframe><\/p>\n<p><a name=\"faqs\"><\/a><\/p>\n<h3>FAQs para moverte por la videoconferencia<\/h3>\n<ul>\n<li><a href=\"#audiovideo\">No me oyen, no me ven, nadie me quiere<\/a><\/li>\n<li><a href=\"#mesas\">\u00bfC\u00f3mo me uno a una mesa?<\/a><\/li>\n<li><a href=\"#chat\">Quiero chatear con la gente, \u00bfc\u00f3mo lo hago?<\/a><\/li>\n<li><a href=\"#avatar\">\u00bfC\u00f3mo puedo poner mi foto de perfil?<\/a><\/li>\n<\/ul>\n<p><a name=\"audiovideo\"><\/a><\/p>\n<h4>No me oyen, no me ven, nadie me quiere<\/h4>\n<p>La comunidad JENUI te quiere, pero necesitamos que abras tu micro y tu c\u00e1mara con los siguientes botones:<br \/>\n<img decoding=\"async\" loading=\"lazy\" class=\"aligncenter wp-image-1134\" src=\"https:\/\/jenui2020.uv.es\/wp-content\/uploads\/2020\/07\/AudioVideo_Web.png\" alt=\"Activar audio y v\u00eddeo\" width=\"500\" height=\"379\" srcset=\"https:\/\/jenui2020.uv.es\/wp-content\/uploads\/2020\/07\/AudioVideo_Web.png 809w, https:\/\/jenui2020.uv.es\/wp-content\/uploads\/2020\/07\/AudioVideo_Web-300x228.png 300w, https:\/\/jenui2020.uv.es\/wp-content\/uploads\/2020\/07\/AudioVideo_Web-768x583.png 768w\" sizes=\"(max-width: 500px) 100vw, 500px\" \/><br \/>\n<a name=\"mesas\"><\/a><\/p>\n<h4>\u00bfC\u00f3mo me uno a una mesa?<\/h4>\n<p>Est\u00e1s, como mucho, a tres clics. Sigue los siguientes pasos:<br \/>\n<img decoding=\"async\" loading=\"lazy\" class=\"aligncenter wp-image-1139\" src=\"https:\/\/jenui2020.uv.es\/wp-content\/uploads\/2020\/07\/UnirseMesa_Web.png\" alt=\"Unirse a una mesa\" width=\"500\" height=\"431\" srcset=\"https:\/\/jenui2020.uv.es\/wp-content\/uploads\/2020\/07\/UnirseMesa_Web.png 809w, https:\/\/jenui2020.uv.es\/wp-content\/uploads\/2020\/07\/UnirseMesa_Web-300x258.png 300w, https:\/\/jenui2020.uv.es\/wp-content\/uploads\/2020\/07\/UnirseMesa_Web-768x662.png 768w\" sizes=\"(max-width: 500px) 100vw, 500px\" \/><br \/>\n<a name=\"chat\"><\/a><\/p>\n<h4>Quiero chatear con la gente, \u00bfc\u00f3mo lo hago?<\/h4>\n<p>Puedes elegir chatear con todo el mundo o con la gente de tu mesa como muestra la siguiente captura:<\/p>\n<p style=\"text-align: center;\"><img decoding=\"async\" loading=\"lazy\" class=\"alignnone wp-image-1142\" src=\"https:\/\/jenui2020.uv.es\/wp-content\/uploads\/2020\/07\/MenuAccions_Web-1.png\" alt=\"Chats en grupo\" width=\"499\" height=\"379\" srcset=\"https:\/\/jenui2020.uv.es\/wp-content\/uploads\/2020\/07\/MenuAccions_Web-1.png 809w, https:\/\/jenui2020.uv.es\/wp-content\/uploads\/2020\/07\/MenuAccions_Web-1-300x228.png 300w, https:\/\/jenui2020.uv.es\/wp-content\/uploads\/2020\/07\/MenuAccions_Web-1-768x583.png 768w\" sizes=\"(max-width: 499px) 100vw, 499px\" \/><\/p>\n<p>Tambi\u00e9n puedes buscar a una persona y chatear en privado com se indica a continuaci\u00f3n:<br \/>\n<img decoding=\"async\" loading=\"lazy\" class=\"aligncenter wp-image-1144\" src=\"https:\/\/jenui2020.uv.es\/wp-content\/uploads\/2020\/07\/ChatBuscar_Web.png\" alt=\"Buscar en chat\" width=\"500\" height=\"379\" srcset=\"https:\/\/jenui2020.uv.es\/wp-content\/uploads\/2020\/07\/ChatBuscar_Web.png 809w, https:\/\/jenui2020.uv.es\/wp-content\/uploads\/2020\/07\/ChatBuscar_Web-300x228.png 300w, https:\/\/jenui2020.uv.es\/wp-content\/uploads\/2020\/07\/ChatBuscar_Web-768x583.png 768w\" sizes=\"(max-width: 500px) 100vw, 500px\" \/><br \/>\n<img decoding=\"async\" loading=\"lazy\" class=\"aligncenter wp-image-1145\" src=\"https:\/\/jenui2020.uv.es\/wp-content\/uploads\/2020\/07\/ChatPrivado_Web.png\" alt=\"Chat privado\" width=\"499\" height=\"379\" srcset=\"https:\/\/jenui2020.uv.es\/wp-content\/uploads\/2020\/07\/ChatPrivado_Web.png 809w, https:\/\/jenui2020.uv.es\/wp-content\/uploads\/2020\/07\/ChatPrivado_Web-300x228.png 300w, https:\/\/jenui2020.uv.es\/wp-content\/uploads\/2020\/07\/ChatPrivado_Web-768x583.png 768w\" sizes=\"(max-width: 499px) 100vw, 499px\" \/><\/p>\n<h4>\u00bfC\u00f3mo puedo poner mi foto de perfil?<\/h4>\n<p>Abre la pesta\u00f1a de configuraci\u00f3n (1) y pincha sobre la imagen (2) de tu perfil como en el siguiente ejemplo:<br \/>\n<img decoding=\"async\" loading=\"lazy\" class=\"aligncenter wp-image-1148\" src=\"https:\/\/jenui2020.uv.es\/wp-content\/uploads\/2020\/07\/CambiarAvatar_Web.png\" alt=\"Cambiar foto de perfil\" width=\"500\" height=\"345\" srcset=\"https:\/\/jenui2020.uv.es\/wp-content\/uploads\/2020\/07\/CambiarAvatar_Web.png 769w, https:\/\/jenui2020.uv.es\/wp-content\/uploads\/2020\/07\/CambiarAvatar_Web-300x207.png 300w, https:\/\/jenui2020.uv.es\/wp-content\/uploads\/2020\/07\/CambiarAvatar_Web-768x530.png 768w\" sizes=\"(max-width: 500px) 100vw, 500px\" \/><\/p>\n","protected":false},"excerpt":{"rendered":"<p>[V\u00eddeos con los testimonios en clave de humor para la actividad l\u00fadica &#8220;JENUI a la virul\u00e9&#8220;] Sigue las siguientes intsrucciones para participar en la actividad l\u00fadica de JENUI 2020: Ponte tus mejores galas, al menos de cintura para arriba. Ten a mano tu consumici\u00f3n favorita, y pon otra a refrescar. Prepara algo de aperitivo, para [&hellip;]<\/p>\n","protected":false},"author":1,"featured_media":0,"parent":0,"menu_order":0,"comment_status":"closed","ping_status":"closed","template":"","meta":[],"_links":{"self":[{"href":"https:\/\/jenui2020.uv.es\/index.php\/wp-json\/wp\/v2\/pages\/1109"}],"collection":[{"href":"https:\/\/jenui2020.uv.es\/index.php\/wp-json\/wp\/v2\/pages"}],"about":[{"href":"https:\/\/jenui2020.uv.es\/index.php\/wp-json\/wp\/v2\/types\/page"}],"author":[{"embeddable":true,"href":"https:\/\/jenui2020.uv.es\/index.php\/wp-json\/wp\/v2\/users\/1"}],"replies":[{"embeddable":true,"href":"https:\/\/jenui2020.uv.es\/index.php\/wp-json\/wp\/v2\/comments?post=1109"}],"version-history":[{"count":41,"href":"https:\/\/jenui2020.uv.es\/index.php\/wp-json\/wp\/v2\/pages\/1109\/revisions"}],"predecessor-version":[{"id":1160,"href":"https:\/\/jenui2020.uv.es\/index.php\/wp-json\/wp\/v2\/pages\/1109\/revisions\/1160"}],"wp:attachment":[{"href":"https:\/\/jenui2020.uv.es\/index.php\/wp-json\/wp\/v2\/media?parent=1109"}],"curies":[{"name":"wp","href":"https:\/\/api.w.org\/{rel}","templated":true}]}}